{"id":325,"date":"2022-04-05T08:07:23","date_gmt":"2022-04-05T08:07:23","guid":{"rendered":"https:\/\/mueblesdfabrica.com\/index.php\/home\/"},"modified":"2023-07-20T16:28:00","modified_gmt":"2023-07-20T16:28:00","slug":"inicio","status":"publish","type":"page","link":"https:\/\/mueblesdfabrica.com\/","title":{"rendered":"Inicio"},"content":{"rendered":"\n<div class=\"wp-block-cover alignfull wp-duotone-rgba000075-rgb143143143-1\" style=\"padding-top:0;padding-right:0;padding-bottom:0;padding-left:0;min-height:616px\"><span aria-hidden=\"true\" class=\"wp-block-cover__background has-ast-global-color-8-background-color has-background-dim-60 has-background-dim\"><\/span><img decoding=\"async\" loading=\"lazy\" width=\"2560\" height=\"1707\" class=\"wp-block-cover__image-background wp-image-1346\" alt=\"\" src=\"https:\/\/mueblesdfabrica.com\/wp-content\/uploads\/2023\/06\/Chester-principal-BYN-scaled.jpg\" style=\"object-position:51% 47%\" data-object-fit=\"cover\" data-object-position=\"51% 47%\" srcset=\"https:\/\/mueblesdfabrica.com\/wp-content\/uploads\/2023\/06\/Chester-principal-BYN-scaled.jpg 2560w, https:\/\/mueblesdfabrica.com\/wp-content\/uploads\/2023\/06\/Chester-principal-BYN-300x200.jpg 300w, https:\/\/mueblesdfabrica.com\/wp-content\/uploads\/2023\/06\/Chester-principal-BYN-1024x683.jpg 1024w, https:\/\/mueblesdfabrica.com\/wp-content\/uploads\/2023\/06\/Chester-principal-BYN-768x512.jpg 768w, https:\/\/mueblesdfabrica.com\/wp-content\/uploads\/2023\/06\/Chester-principal-BYN-1536x1024.jpg 1536w, https:\/\/mueblesdfabrica.com\/wp-content\/uploads\/2023\/06\/Chester-principal-BYN-2048x1365.jpg 2048w, https:\/\/mueblesdfabrica.com\/wp-content\/uploads\/2023\/06\/Chester-principal-BYN-600x400.jpg 600w\" sizes=\"(max-width: 2560px) 100vw, 2560px\" \/><div class=\"wp-block-cover__inner-container is-layout-flow wp-block-cover-is-layout-flow\">\n<p class=\"has-text-align-center has-ast-global-color-5-color has-text-color\" style=\"font-size:70px\">Hacemos de tus espacios, tu hogar&#8230;<\/p>\n<\/div><\/div>\n\n\n\n<div class=\"wp-block-uagb-container uagb-block-c51931d8 alignfull uagb-is-root-container\"><div class=\"uagb-container-inner-blocks-wrap\"><\/div><\/div>\n\n\n\n<div data-aos= \"fade-up\" data-aos-duration=\"400\" data-aos-delay=\"0\" data-aos-easing=\"ease\" data-aos-once=\"true\" class=\"wp-block-uagb-container uagb-block-d959dbac alignfull uagb-is-root-container\"><div class=\"uagb-container-inner-blocks-wrap\">\n<div class=\"wp-block-uagb-container uagb-block-c9037c13\">\n<div class=\"wp-block-uagb-image aligncenter uagb-block-b3be0379 wp-block-uagb-image--layout-default wp-block-uagb-image--effect-zoomin wp-block-uagb-image--align-center\"><figure class=\"wp-block-uagb-image__figure\"><a class=\"\" href=\"https:\/\/mueblesdfabrica.com\/index.php\/mesas\/\" target=\"\" rel=\"noopener\"><img decoding=\"async\" srcset=\"https:\/\/mueblesdfabrica.com\/wp-content\/uploads\/2023\/06\/mesa.png \" sizes=\"(max-width: 480px) 150px\" src=\"https:\/\/mueblesdfabrica.com\/wp-content\/uploads\/2023\/06\/mesa.png\" alt=\"\" class=\"uag-image-1227\" width=\"512\" height=\"512\" title=\"\" loading=\"lazy\"\/><\/a><\/figure><\/div>\n<\/div>\n\n\n\n<div class=\"wp-block-uagb-container uagb-block-a6e607f1\">\n<div class=\"wp-block-uagb-image aligncenter uagb-block-ac1109c6 wp-block-uagb-image--layout-default wp-block-uagb-image--effect-zoomin wp-block-uagb-image--align-center\"><figure class=\"wp-block-uagb-image__figure\"><a class=\"\" href=\"https:\/\/mueblesdfabrica.com\/index.php\/sillones\/\" target=\"\" rel=\"noopener\"><img decoding=\"async\" srcset=\"https:\/\/mueblesdfabrica.com\/wp-content\/uploads\/2023\/06\/sillon.png \" sizes=\"(max-width: 480px) 150px\" src=\"https:\/\/mueblesdfabrica.com\/wp-content\/uploads\/2023\/06\/sillon.png\" alt=\"\" class=\"uag-image-1228\" width=\"512\" height=\"512\" title=\"\" loading=\"lazy\"\/><\/a><\/figure><\/div>\n<\/div>\n\n\n\n<div class=\"wp-block-uagb-container uagb-block-7df39ad2\">\n<div class=\"wp-block-uagb-image aligncenter uagb-block-ca1df76c wp-block-uagb-image--layout-default wp-block-uagb-image--effect-zoomin wp-block-uagb-image--align-center\"><figure class=\"wp-block-uagb-image__figure\"><a class=\"\" href=\"https:\/\/mueblesdfabrica.com\/index.php\/sillas\/\" target=\"\" rel=\"noopener\"><img decoding=\"async\" srcset=\"https:\/\/mueblesdfabrica.com\/wp-content\/uploads\/2023\/06\/silla.png \" sizes=\"(max-width: 480px) 150px\" src=\"https:\/\/mueblesdfabrica.com\/wp-content\/uploads\/2023\/06\/silla.png\" alt=\"\" class=\"uag-image-1229\" width=\"140\" height=\"140\" title=\"\" loading=\"lazy\"\/><\/a><\/figure><\/div>\n<\/div>\n\n\n\n<div class=\"wp-block-uagb-container uagb-block-5c80c28b\">\n<div class=\"wp-block-uagb-image aligncenter uagb-block-f6fc590d wp-block-uagb-image--layout-default wp-block-uagb-image--effect-zoomin wp-block-uagb-image--align-center\"><figure class=\"wp-block-uagb-image__figure\"><a class=\"\" href=\"https:\/\/mueblesdfabrica.com\/index.php\/combos\/\" target=\"\" rel=\"noopener\"><img decoding=\"async\" srcset=\"https:\/\/mueblesdfabrica.com\/wp-content\/uploads\/2023\/06\/combos.png , https:\/\/mueblesdfabrica.com\/wp-content\/uploads\/2023\/06\/combos.png 360w\" sizes=\"(max-width: 480px) 150px\" src=\"https:\/\/mueblesdfabrica.com\/wp-content\/uploads\/2023\/06\/combos.png\" alt=\"\" class=\"uag-image-1230\" width=\"512\" height=\"512\" title=\"\" loading=\"lazy\"\/><\/a><\/figure><\/div>\n<\/div>\n<\/div><\/div>\n\n\n\n<p><\/p>\n\n\n\n<div class=\"wp-block-uagb-container uagb-block-e340fc42 alignfull uagb-is-root-container\">\n<div class=\"wp-block-uagb-container uagb-block-33e53603\">\n<div class=\"wp-block-uagb-container uagb-block-a5c12e03\">\n<div class=\"wp-block-uagb-advanced-heading uagb-block-3c3b8797\"><h2 class=\"uagb-heading-text\">Tu satisfacci\u00f3n, es lo que m\u00e1s nos importa&#8230;<\/h2><\/div>\n\n\n\n<p><\/p>\n<\/div>\n<\/div>\n\n\n\n<div class=\"wp-block-uagb-container uagb-block-c9387679\">\n<div class=\"wp-block-uagb-container uagb-block-230e6015\">\n<div class=\"wp-block-uagb-advanced-heading uagb-block-d40ae4ef\"><p class=\"uagb-heading-text\">\u00a1Buenas Tardes! Hoy llego mi pedido&#8230;<br>6 sillas tapizadas en excelentes condiciones. \u00a1Soy del interior Zapala (Nqn) y la verdad son super recomendables desde la atenci\u00f3n hasta el despacho del pedido todo impecable! Muchas Gracias <\/p><\/div>\n\n\n\n<div class=\"wp-block-uagb-info-box uagb-block-931269e5 uagb-infobox__content-wrap  uagb-infobox-icon-left uagb-infobox-left uagb-infobox-image-valign-middle\"><div class=\"uagb-ifb-icon-wrap\"><svg xmlns=\"https:\/\/www.w3.org\/2000\/svg\" viewBox=\"0 0 576 512\"><path d=\"M275.2 250.5c7 7.375 18.5 7.375 25.5 0l108.1-114.2c31.5-33.12 29.72-88.1-5.65-118.7c-30.88-26.75-76.75-21.9-104.9 7.724L287.1 36.91L276.8 25.28C248.7-4.345 202.7-9.194 171.1 17.56C136.7 48.18 134.7 103.2 166.4 136.3L275.2 250.5zM568.2 336.3c-13.12-17.81-38.14-21.66-55.93-8.469l-119.7 88.17h-120.6c-8.748 0-15.1-7.25-15.1-15.1c0-8.746 7.25-15.1 15.1-15.1h78.25c15.1 0 30.75-10.87 33.37-26.62c3.25-19.1-12.12-37.37-31.62-37.37H191.1c-26.1 0-53.12 9.25-74.12 26.25l-46.5 37.74l-55.37-.0253c-8.748 0-15.1 7.275-15.1 16.02L.0001 496C.0001 504.8 7.251 512 15.1 512h346.1c22.03 0 43.92-7.187 61.7-20.28l135.1-99.51C577.5 379.1 581.3 354.1 568.2 336.3z\"><\/path><\/svg><\/div><div class=\"uagb-ifb-content\"><div class=\"uagb-ifb-title-wrap\"><h6 class=\"uagb-ifb-title\">Maribel<\/h6><\/div><\/div><\/div>\n<\/div>\n\n\n\n<div class=\"wp-block-uagb-container uagb-block-25678e84\">\n<div class=\"wp-block-uagb-advanced-heading uagb-block-dd569926\"><p class=\"uagb-heading-text\">\u00a1Excelente atenci\u00f3n! como siempre compro muebles y llegan bien a t\u00e9rmino y excelente calidad, estoy muy conforme con muebles de fabrica<\/p><\/div>\n\n\n\n<div class=\"wp-block-uagb-info-box uagb-block-c54b329b uagb-infobox__content-wrap  uagb-infobox-icon-left uagb-infobox-left uagb-infobox-image-valign-middle\"><div class=\"uagb-ifb-icon-wrap\"><svg xmlns=\"https:\/\/www.w3.org\/2000\/svg\" viewBox=\"0 0 576 512\"><path d=\"M275.2 250.5c7 7.375 18.5 7.375 25.5 0l108.1-114.2c31.5-33.12 29.72-88.1-5.65-118.7c-30.88-26.75-76.75-21.9-104.9 7.724L287.1 36.91L276.8 25.28C248.7-4.345 202.7-9.194 171.1 17.56C136.7 48.18 134.7 103.2 166.4 136.3L275.2 250.5zM568.2 336.3c-13.12-17.81-38.14-21.66-55.93-8.469l-119.7 88.17h-120.6c-8.748 0-15.1-7.25-15.1-15.1c0-8.746 7.25-15.1 15.1-15.1h78.25c15.1 0 30.75-10.87 33.37-26.62c3.25-19.1-12.12-37.37-31.62-37.37H191.1c-26.1 0-53.12 9.25-74.12 26.25l-46.5 37.74l-55.37-.0253c-8.748 0-15.1 7.275-15.1 16.02L.0001 496C.0001 504.8 7.251 512 15.1 512h346.1c22.03 0 43.92-7.187 61.7-20.28l135.1-99.51C577.5 379.1 581.3 354.1 568.2 336.3z\"><\/path><\/svg><\/div><div class=\"uagb-ifb-content\"><div class=\"uagb-ifb-title-wrap\"><h6 class=\"uagb-ifb-title\">Mariela<\/h6><\/div><\/div><\/div>\n<\/div>\n\n\n\n<div class=\"wp-block-uagb-container uagb-block-33254e79\">\n<div class=\"wp-block-uagb-advanced-heading uagb-block-cc11e32f\"><p class=\"uagb-heading-text\">Excelente atenci\u00f3n y me llego todo en muy buen estado y en tiempo. <br>\u00a1Lo recomiendo!<\/p><\/div>\n\n\n\n<div class=\"wp-block-uagb-info-box uagb-block-d006d233 uagb-infobox__content-wrap  uagb-infobox-icon-left uagb-infobox-left uagb-infobox-image-valign-middle\"><div class=\"uagb-ifb-icon-wrap\"><svg xmlns=\"https:\/\/www.w3.org\/2000\/svg\" viewBox=\"0 0 576 512\"><path d=\"M275.2 250.5c7 7.375 18.5 7.375 25.5 0l108.1-114.2c31.5-33.12 29.72-88.1-5.65-118.7c-30.88-26.75-76.75-21.9-104.9 7.724L287.1 36.91L276.8 25.28C248.7-4.345 202.7-9.194 171.1 17.56C136.7 48.18 134.7 103.2 166.4 136.3L275.2 250.5zM568.2 336.3c-13.12-17.81-38.14-21.66-55.93-8.469l-119.7 88.17h-120.6c-8.748 0-15.1-7.25-15.1-15.1c0-8.746 7.25-15.1 15.1-15.1h78.25c15.1 0 30.75-10.87 33.37-26.62c3.25-19.1-12.12-37.37-31.62-37.37H191.1c-26.1 0-53.12 9.25-74.12 26.25l-46.5 37.74l-55.37-.0253c-8.748 0-15.1 7.275-15.1 16.02L.0001 496C.0001 504.8 7.251 512 15.1 512h346.1c22.03 0 43.92-7.187 61.7-20.28l135.1-99.51C577.5 379.1 581.3 354.1 568.2 336.3z\"><\/path><\/svg><\/div><div class=\"uagb-ifb-content\"><div class=\"uagb-ifb-title-wrap\"><h6 class=\"uagb-ifb-title\">Ayel\u00e9n<\/h6><\/div><\/div><\/div>\n<\/div>\n<\/div>\n\n\n\n<div class=\"wp-block-uagb-container uagb-block-db3d98b3\">\n<div class=\"wp-block-uagb-container uagb-block-c9a6a8c0\">\n<div class=\"wp-block-uagb-advanced-heading uagb-block-4e2d9b21\"><p class=\"uagb-heading-text\">Soy de la Patagonia y lleg\u00f3 todo muy bien embalado mucho mejor de lo esperado, no tengo m\u00e1s palabras de agradecimiento. \u00a1Los super recomiendo!<\/p><\/div>\n\n\n\n<div class=\"wp-block-uagb-info-box uagb-block-0546536a uagb-infobox__content-wrap  uagb-infobox-icon-left uagb-infobox-left uagb-infobox-image-valign-middle\"><div class=\"uagb-ifb-icon-wrap\"><svg xmlns=\"https:\/\/www.w3.org\/2000\/svg\" viewBox=\"0 0 576 512\"><path d=\"M275.2 250.5c7 7.375 18.5 7.375 25.5 0l108.1-114.2c31.5-33.12 29.72-88.1-5.65-118.7c-30.88-26.75-76.75-21.9-104.9 7.724L287.1 36.91L276.8 25.28C248.7-4.345 202.7-9.194 171.1 17.56C136.7 48.18 134.7 103.2 166.4 136.3L275.2 250.5zM568.2 336.3c-13.12-17.81-38.14-21.66-55.93-8.469l-119.7 88.17h-120.6c-8.748 0-15.1-7.25-15.1-15.1c0-8.746 7.25-15.1 15.1-15.1h78.25c15.1 0 30.75-10.87 33.37-26.62c3.25-19.1-12.12-37.37-31.62-37.37H191.1c-26.1 0-53.12 9.25-74.12 26.25l-46.5 37.74l-55.37-.0253c-8.748 0-15.1 7.275-15.1 16.02L.0001 496C.0001 504.8 7.251 512 15.1 512h346.1c22.03 0 43.92-7.187 61.7-20.28l135.1-99.51C577.5 379.1 581.3 354.1 568.2 336.3z\"><\/path><\/svg><\/div><div class=\"uagb-ifb-content\"><div class=\"uagb-ifb-title-wrap\"><h6 class=\"uagb-ifb-title\">Gabriela<\/h6><\/div><\/div><\/div>\n<\/div>\n\n\n\n<div class=\"wp-block-uagb-container uagb-block-052122d3\">\n<div class=\"wp-block-uagb-advanced-heading uagb-block-2e8da1c2\"><p class=\"uagb-heading-text\">\u00a1Excelente la calidad de los productos, la atenci\u00f3n desde el d\u00eda 1 super profesionales, compramos a distancia y todo llego perfectamente! Super recomendable. Saludos desde Tartagal-Salta.<\/p><\/div>\n\n\n\n<div class=\"wp-block-uagb-info-box uagb-block-fcce919c uagb-infobox__content-wrap  uagb-infobox-icon-left uagb-infobox-left uagb-infobox-image-valign-middle\"><div class=\"uagb-ifb-icon-wrap\"><svg xmlns=\"https:\/\/www.w3.org\/2000\/svg\" viewBox=\"0 0 576 512\"><path d=\"M275.2 250.5c7 7.375 18.5 7.375 25.5 0l108.1-114.2c31.5-33.12 29.72-88.1-5.65-118.7c-30.88-26.75-76.75-21.9-104.9 7.724L287.1 36.91L276.8 25.28C248.7-4.345 202.7-9.194 171.1 17.56C136.7 48.18 134.7 103.2 166.4 136.3L275.2 250.5zM568.2 336.3c-13.12-17.81-38.14-21.66-55.93-8.469l-119.7 88.17h-120.6c-8.748 0-15.1-7.25-15.1-15.1c0-8.746 7.25-15.1 15.1-15.1h78.25c15.1 0 30.75-10.87 33.37-26.62c3.25-19.1-12.12-37.37-31.62-37.37H191.1c-26.1 0-53.12 9.25-74.12 26.25l-46.5 37.74l-55.37-.0253c-8.748 0-15.1 7.275-15.1 16.02L.0001 496C.0001 504.8 7.251 512 15.1 512h346.1c22.03 0 43.92-7.187 61.7-20.28l135.1-99.51C577.5 379.1 581.3 354.1 568.2 336.3z\"><\/path><\/svg><\/div><div class=\"uagb-ifb-content\"><div class=\"uagb-ifb-title-wrap\"><h6 class=\"uagb-ifb-title\">Andrea<\/h6><\/div><\/div><\/div>\n<\/div>\n\n\n\n<div class=\"wp-block-uagb-container uagb-block-123eb493\">\n<div class=\"wp-block-uagb-advanced-heading uagb-block-b40053fd\"><p class=\"uagb-heading-text\">Hola buenas tardes, me llego mi combo completo de mesa cuadrada, 8 sillas y sill\u00f3n m\u00e1s camastro, matera y mesa ratona todo en perfectas condiciones y en el tiempo estipulado. Estoy m\u00e1s que conforme. Excelente todo, desde la atenci\u00f3n hasta el env\u00edo y la llegada de las cosas. De Plaza Huincul en la provincia de Neuqu\u00e9n. Muchas gracias. <\/p><\/div>\n\n\n\n<div class=\"wp-block-uagb-info-box uagb-block-790a1b07 uagb-infobox__content-wrap  uagb-infobox-icon-left uagb-infobox-left uagb-infobox-image-valign-middle\"><div class=\"uagb-ifb-icon-wrap\"><svg xmlns=\"https:\/\/www.w3.org\/2000\/svg\" viewBox=\"0 0 576 512\"><path d=\"M275.2 250.5c7 7.375 18.5 7.375 25.5 0l108.1-114.2c31.5-33.12 29.72-88.1-5.65-118.7c-30.88-26.75-76.75-21.9-104.9 7.724L287.1 36.91L276.8 25.28C248.7-4.345 202.7-9.194 171.1 17.56C136.7 48.18 134.7 103.2 166.4 136.3L275.2 250.5zM568.2 336.3c-13.12-17.81-38.14-21.66-55.93-8.469l-119.7 88.17h-120.6c-8.748 0-15.1-7.25-15.1-15.1c0-8.746 7.25-15.1 15.1-15.1h78.25c15.1 0 30.75-10.87 33.37-26.62c3.25-19.1-12.12-37.37-31.62-37.37H191.1c-26.1 0-53.12 9.25-74.12 26.25l-46.5 37.74l-55.37-.0253c-8.748 0-15.1 7.275-15.1 16.02L.0001 496C.0001 504.8 7.251 512 15.1 512h346.1c22.03 0 43.92-7.187 61.7-20.28l135.1-99.51C577.5 379.1 581.3 354.1 568.2 336.3z\"><\/path><\/svg><\/div><div class=\"uagb-ifb-content\"><div class=\"uagb-ifb-title-wrap\"><h6 class=\"uagb-ifb-title\">Soledad<\/h6><\/div><\/div><\/div>\n<\/div>\n<\/div>\n<\/div>\n\n\n\n<div class=\"wp-block-uagb-container uagb-block-690ae962 alignfull uagb-is-root-container\">\n<div class=\"wp-block-uagb-info-box uagb-block-1bd7ade3 uagb-infobox__content-wrap  uagb-infobox-icon-above-title uagb-infobox-image-valign-top\"><div class=\"uagb-ifb-content\"><div class=\"uagb-ifb-icon-wrap\"><svg xmlns=\"https:\/\/www.w3.org\/2000\/svg\" viewBox=\"0 0 512 512\"><path d=\"M504 256C504 119 393 8 256 8S8 119 8 256c0 123.8 90.69 226.4 209.3 245V327.7h-63V256h63v-54.64c0-62.15 37-96.48 93.67-96.48 27.14 0 55.52 4.84 55.52 4.84v61h-31.28c-30.8 0-40.41 19.12-40.41 38.73V256h68.78l-11 71.69h-57.78V501C413.3 482.4 504 379.8 504 256z\"><\/path><\/svg><\/div><div class=\"uagb-ifb-title-wrap\"><h3 class=\"uagb-ifb-title\">Seguinos @mueblesdefabrica<\/h3><\/div><\/div><\/div>\n<\/div>\n\n\n\n<div class=\"wp-block-uagb-container uagb-block-dab241fb alignfull uagb-is-root-container\"><div class=\"uagb-container-inner-blocks-wrap\">\n<div class=\"wp-block-uagb-container uagb-block-95bb51e1\">\n<div class=\"wp-block-uagb-info-box uagb-block-00d1647a uagb-infobox__content-wrap  uagb-infobox-icon-above-title uagb-infobox-image-valign-top\"><div class=\"uagb-ifb-content\"><div class=\"uagb-ifb-icon-wrap\"><svg xmlns=\"https:\/\/www.w3.org\/2000\/svg\" viewBox=\"0 0 640 512\"><path d=\"M368 0C394.5 0 416 21.49 416 48V96H466.7C483.7 96 499.1 102.7 512 114.7L589.3 192C601.3 204 608 220.3 608 237.3V352C625.7 352 640 366.3 640 384C640 401.7 625.7 416 608 416H576C576 469 533 512 480 512C426.1 512 384 469 384 416H256C256 469 213 512 160 512C106.1 512 64 469 64 416H48C21.49 416 0 394.5 0 368V48C0 21.49 21.49 0 48 0H368zM416 160V256H544V237.3L466.7 160H416zM160 368C133.5 368 112 389.5 112 416C112 442.5 133.5 464 160 464C186.5 464 208 442.5 208 416C208 389.5 186.5 368 160 368zM480 464C506.5 464 528 442.5 528 416C528 389.5 506.5 368 480 368C453.5 368 432 389.5 432 416C432 442.5 453.5 464 480 464z\"><\/path><\/svg><\/div><div class=\"uagb-ifb-title-wrap\"><h5 class=\"uagb-ifb-title\">Envios<\/h5><\/div><p class=\"uagb-ifb-desc\">Realizamos env\u00edos a todo el pa\u00eds<\/p><\/div><\/div>\n<\/div>\n\n\n\n<div class=\"wp-block-uagb-container uagb-block-6744fc07\">\n<div class=\"wp-block-uagb-info-box uagb-block-c63f6cc3 uagb-infobox__content-wrap  uagb-infobox-icon-above-title uagb-infobox-image-valign-top\"><div class=\"uagb-ifb-content\"><div class=\"uagb-ifb-icon-wrap\"><svg xmlns=\"https:\/\/www.w3.org\/2000\/svg\" viewBox=\"0 0 448 512\"><path d=\"M380.9 97.1C339 55.1 283.2 32 223.9 32c-122.4 0-222 99.6-222 222 0 39.1 10.2 77.3 29.6 111L0 480l117.7-30.9c32.4 17.7 68.9 27 106.1 27h.1c122.3 0 224.1-99.6 224.1-222 0-59.3-25.2-115-67.1-157zm-157 341.6c-33.2 0-65.7-8.9-94-25.7l-6.7-4-69.8 18.3L72 359.2l-4.4-7c-18.5-29.4-28.2-63.3-28.2-98.2 0-101.7 82.8-184.5 184.6-184.5 49.3 0 95.6 19.2 130.4 54.1 34.8 34.9 56.2 81.2 56.1 130.5 0 101.8-84.9 184.6-186.6 184.6zm101.2-138.2c-5.5-2.8-32.8-16.2-37.9-18-5.1-1.9-8.8-2.8-12.5 2.8-3.7 5.6-14.3 18-17.6 21.8-3.2 3.7-6.5 4.2-12 1.4-32.6-16.3-54-29.1-75.5-66-5.7-9.8 5.7-9.1 16.3-30.3 1.8-3.7 .9-6.9-.5-9.7-1.4-2.8-12.5-30.1-17.1-41.2-4.5-10.8-9.1-9.3-12.5-9.5-3.2-.2-6.9-.2-10.6-.2-3.7 0-9.7 1.4-14.8 6.9-5.1 5.6-19.4 19-19.4 46.3 0 27.3 19.9 53.7 22.6 57.4 2.8 3.7 39.1 59.7 94.8 83.8 35.2 15.2 49 16.5 66.6 13.9 10.7-1.6 32.8-13.4 37.4-26.4 4.6-13 4.6-24.1 3.2-26.4-1.3-2.5-5-3.9-10.5-6.6z\"><\/path><\/svg><\/div><div class=\"uagb-ifb-title-wrap\"><h5 class=\"uagb-ifb-title\">\u00a1Contactanos!<\/h5><\/div><p class=\"uagb-ifb-desc\">Lunes a Viernes de 10 a 17 hrs.<br>S\u00e1bados y Domingos cerrado<\/p><\/div><\/div>\n<\/div>\n\n\n\n<div class=\"wp-block-uagb-container uagb-block-59e1fce4\">\n<div class=\"wp-block-uagb-info-box uagb-block-332dd637 uagb-infobox__content-wrap  uagb-infobox-icon-above-title uagb-infobox-image-valign-top\"><div class=\"uagb-ifb-content\"><div class=\"uagb-ifb-icon-wrap\"><svg xmlns=\"https:\/\/www.w3.org\/2000\/svg\" viewBox=\"0 0 576 512\"><path d=\"M512 32C547.3 32 576 60.65 576 96V128H0V96C0 60.65 28.65 32 64 32H512zM576 416C576 451.3 547.3 480 512 480H64C28.65 480 0 451.3 0 416V224H576V416zM112 352C103.2 352 96 359.2 96 368C96 376.8 103.2 384 112 384H176C184.8 384 192 376.8 192 368C192 359.2 184.8 352 176 352H112zM240 384H368C376.8 384 384 376.8 384 368C384 359.2 376.8 352 368 352H240C231.2 352 224 359.2 224 368C224 376.8 231.2 384 240 384z\"><\/path><\/svg><\/div><div class=\"uagb-ifb-title-wrap\"><h5 class=\"uagb-ifb-title\">Cuotas<\/h5><\/div><p class=\"uagb-ifb-desc\">Pag\u00e1 en cuotas a trav\u00e9s de <br>Mercado Pago<\/p><\/div><\/div>\n<\/div>\n<\/div><\/div>\n","protected":false},"excerpt":{"rendered":"<p>Tu satisfacci\u00f3n, es lo que m\u00e1s nos importa&#8230; \u00a1Buenas Tardes! Hoy llego mi pedido&#8230;6 sillas tapizadas en excelentes condiciones. \u00a1Soy del interior Zapala (Nqn) y la verdad son super recomendables desde la atenci\u00f3n hasta el despacho del pedido todo impecable! Muchas Gracias \u00a1Excelente atenci\u00f3n! como siempre compro muebles y llegan bien a t\u00e9rmino y excelente &hellip;<\/p>\n<p class=\"read-more\"> <a class=\"\" href=\"https:\/\/mueblesdfabrica.com\/\"> <span class=\"screen-reader-text\">Inicio<\/span> Read More &raquo;<\/a><\/p>\n","protected":false},"author":1,"featured_media":0,"parent":0,"menu_order":0,"comment_status":"closed","ping_status":"closed","template":"","meta":{"_uag_custom_page_level_css":"","site-sidebar-layout":"no-sidebar","site-content-layout":"plain-container","ast-site-content-layout":"","site-content-style":"default","site-sidebar-style":"default","ast-global-header-display":"","ast-banner-title-visibility":"","ast-main-header-display":"","ast-hfb-above-header-display":"","ast-hfb-below-header-display":"","ast-hfb-mobile-header-display":"","site-post-title":"disabled","ast-breadcrumbs-content":"","ast-featured-img":"disabled","footer-sml-layout":"","theme-transparent-header-meta":"default","adv-header-id-meta":"","stick-header-meta":"","header-above-stick-meta":"","header-main-stick-meta":"","header-below-stick-meta":"","astra-migrate-meta-layouts":"","footnotes":"","_joinchat":[]},"uagb_featured_image_src":{"full":false,"thumbnail":false,"medium":false,"medium_large":false,"large":false,"1536x1536":false,"2048x2048":false,"woocommerce_thumbnail":false,"woocommerce_single":false,"woocommerce_gallery_thumbnail":false},"uagb_author_info":{"display_name":"matias","author_link":"https:\/\/mueblesdfabrica.com\/index.php\/author\/matias\/"},"uagb_comment_info":0,"uagb_excerpt":"Tu satisfacci\u00f3n, es lo que m\u00e1s nos importa&#8230; \u00a1Buenas Tardes! Hoy llego mi pedido&#8230;6 sillas tapizadas en excelentes condiciones. \u00a1Soy del interior Zapala (Nqn) y la verdad son super recomendables desde la atenci\u00f3n hasta el despacho del pedido todo impecable! Muchas Gracias \u00a1Excelente atenci\u00f3n! como siempre compro muebles y llegan bien a t\u00e9rmino y excelente&hellip;","_links":{"self":[{"href":"https:\/\/mueblesdfabrica.com\/index.php\/wp-json\/wp\/v2\/pages\/325"}],"collection":[{"href":"https:\/\/mueblesdfabrica.com\/index.php\/wp-json\/wp\/v2\/pages"}],"about":[{"href":"https:\/\/mueblesdfabrica.com\/index.php\/wp-json\/wp\/v2\/types\/page"}],"author":[{"embeddable":true,"href":"https:\/\/mueblesdfabrica.com\/index.php\/wp-json\/wp\/v2\/users\/1"}],"replies":[{"embeddable":true,"href":"https:\/\/mueblesdfabrica.com\/index.php\/wp-json\/wp\/v2\/comments?post=325"}],"version-history":[{"count":69,"href":"https:\/\/mueblesdfabrica.com\/index.php\/wp-json\/wp\/v2\/pages\/325\/revisions"}],"predecessor-version":[{"id":1392,"href":"https:\/\/mueblesdfabrica.com\/index.php\/wp-json\/wp\/v2\/pages\/325\/revisions\/1392"}],"wp:attachment":[{"href":"https:\/\/mueblesdfabrica.com\/index.php\/wp-json\/wp\/v2\/media?parent=325"}],"curies":[{"name":"wp","href":"https:\/\/api.w.org\/{rel}","templated":true}]}}