{"id":328,"date":"2022-04-05T08:08:05","date_gmt":"2022-04-05T08:08:05","guid":{"rendered":"https:\/\/mueblesdfabrica.com\/index.php\/about\/"},"modified":"2023-07-20T17:20:23","modified_gmt":"2023-07-20T17:20:23","slug":"nuestra-empresa","status":"publish","type":"page","link":"https:\/\/mueblesdfabrica.com\/index.php\/nuestra-empresa\/","title":{"rendered":"Nuestra Empresa"},"content":{"rendered":"\n<div class=\"wp-block-columns is-layout-flex wp-container-2 wp-block-columns-is-layout-flex\">\n<div class=\"wp-block-column is-layout-flow wp-block-column-is-layout-flow\" style=\"flex-basis:100%\">\n<h2 class=\"wp-block-heading\"><\/h2>\n<\/div>\n<\/div>\n\n\n\n<div class=\"wp-block-uagb-container uagb-block-f09102ac alignfull uagb-is-root-container\"><div class=\"uagb-container-inner-blocks-wrap\">\n<div class=\"wp-block-uagb-container uagb-block-19eba520\">\n<div class=\"wp-block-uagb-image uagb-block-cc6f71ee wp-block-uagb-image--layout-default wp-block-uagb-image--effect-static wp-block-uagb-image--align-none\"><figure class=\"wp-block-uagb-image__figure\"><img decoding=\"async\" srcset=\"https:\/\/mueblesdfabrica.com\/wp-content\/uploads\/2023\/07\/creative-man-working-woodshop-scaled.jpg \" sizes=\"(max-width: 480px) 150px\" src=\"https:\/\/mueblesdfabrica.com\/wp-content\/uploads\/2023\/07\/creative-man-working-woodshop-scaled.jpg\" alt=\"\" class=\"uag-image-1398\" width=\"2560\" height=\"1440\" title=\"\" loading=\"lazy\"\/><\/figure><\/div>\n<\/div>\n\n\n\n<div class=\"wp-block-uagb-container uagb-block-be6396bb\">\n<div class=\"wp-block-uagb-info-box uagb-block-959f1d00 uagb-infobox__content-wrap  uagb-infobox-icon-above-title uagb-infobox-image-valign-top\"><div class=\"uagb-ifb-content\"><div class=\"uagb-ifb-title-wrap\"><h2 class=\"uagb-ifb-title\">Qui\u00e9nes somos<\/h2><\/div><p class=\"uagb-ifb-desc\">Somos una empresa familiar dedicada a la fabricaci\u00f3n y comercializaci\u00f3n de muebles para el hogar.<br>Nuestro constante crecimiento nos convirti\u00f3 en una empresa l\u00edder en el mercado.<br><br><\/p><\/div><\/div>\n<\/div>\n<\/div><\/div>\n\n\n\n<div class=\"wp-block-uagb-container uagb-block-30b39d00 alignfull uagb-is-root-container\"><div class=\"uagb-container-inner-blocks-wrap\">\n<div class=\"wp-block-uagb-container uagb-block-a34eadbc\">\n<div class=\"wp-block-uagb-container uagb-block-0d5ec772\">\n<div class=\"wp-block-uagb-info-box uagb-block-76024f45 uagb-infobox__content-wrap  uagb-infobox-icon-above-title uagb-infobox-image-valign-top\"><div class=\"uagb-ifb-content\"><div class=\"uagb-ifb-title-wrap\"><h2 class=\"uagb-ifb-title\">Nuestra Misi\u00f3n<\/h2><\/div><p class=\"uagb-ifb-desc\">Brindar un servicio personalizado a nuestros clientes con una gran cantidad de productos, de excelente calidad, a precios bajos y accesibles.<\/p><\/div><\/div>\n<\/div>\n\n\n\n<div class=\"wp-block-uagb-container uagb-block-75efb1fd\">\n<figure class=\"wp-block-image size-large\"><img decoding=\"async\" loading=\"lazy\" width=\"1024\" height=\"721\" src=\"https:\/\/mueblesdfabrica.com\/wp-content\/uploads\/2023\/07\/group-friends-gathering-together-1-1024x721.jpg\" alt=\"\" class=\"wp-image-1399\" srcset=\"https:\/\/mueblesdfabrica.com\/wp-content\/uploads\/2023\/07\/group-friends-gathering-together-1-1024x721.jpg 1024w, https:\/\/mueblesdfabrica.com\/wp-content\/uploads\/2023\/07\/group-friends-gathering-together-1-300x211.jpg 300w, https:\/\/mueblesdfabrica.com\/wp-content\/uploads\/2023\/07\/group-friends-gathering-together-1-768x540.jpg 768w, https:\/\/mueblesdfabrica.com\/wp-content\/uploads\/2023\/07\/group-friends-gathering-together-1-1536x1081.jpg 1536w, https:\/\/mueblesdfabrica.com\/wp-content\/uploads\/2023\/07\/group-friends-gathering-together-1-2048x1441.jpg 2048w, https:\/\/mueblesdfabrica.com\/wp-content\/uploads\/2023\/07\/group-friends-gathering-together-1-600x422.jpg 600w\" sizes=\"(max-width: 1024px) 100vw, 1024px\" \/><\/figure>\n<\/div>\n<\/div>\n<\/div><\/div>\n\n\n\n<div class=\"wp-block-uagb-container uagb-block-a43c2f25 alignfull uagb-is-root-container\">\n<div class=\"wp-block-uagb-info-box uagb-block-d0c16862 uagb-infobox__content-wrap  uagb-infobox-icon-above-title uagb-infobox-image-valign-top\"><div class=\"uagb-ifb-content\"><div class=\"uagb-ifb-icon-wrap\"><svg xmlns=\"https:\/\/www.w3.org\/2000\/svg\" viewBox=\"0 0 512 512\"><path d=\"M504 256C504 119 393 8 256 8S8 119 8 256c0 123.8 90.69 226.4 209.3 245V327.7h-63V256h63v-54.64c0-62.15 37-96.48 93.67-96.48 27.14 0 55.52 4.84 55.52 4.84v61h-31.28c-30.8 0-40.41 19.12-40.41 38.73V256h68.78l-11 71.69h-57.78V501C413.3 482.4 504 379.8 504 256z\"><\/path><\/svg><\/div><div class=\"uagb-ifb-title-wrap\"><h3 class=\"uagb-ifb-title\">Seguinos @mueblesdefabrica<\/h3><\/div><\/div><\/div>\n\n\n\n<div class=\"wp-block-uagb-container uagb-block-d1b0bccc\"><\/div>\n<\/div>\n","protected":false},"excerpt":{"rendered":"","protected":false},"author":1,"featured_media":0,"parent":0,"menu_order":0,"comment_status":"closed","ping_status":"closed","template":"","meta":{"_uag_custom_page_level_css":"","site-sidebar-layout":"no-sidebar","site-content-layout":"plain-container","ast-site-content-layout":"","site-content-style":"default","site-sidebar-style":"default","ast-global-header-display":"","ast-banner-title-visibility":"","ast-main-header-display":"","ast-hfb-above-header-display":"","ast-hfb-below-header-display":"","ast-hfb-mobile-header-display":"","site-post-title":"disabled","ast-breadcrumbs-content":"","ast-featured-img":"disabled","footer-sml-layout":"","theme-transparent-header-meta":"default","adv-header-id-meta":"","stick-header-meta":"","header-above-stick-meta":"","header-main-stick-meta":"","header-below-stick-meta":"","astra-migrate-meta-layouts":"","footnotes":"","_joinchat":[]},"uagb_featured_image_src":{"full":false,"thumbnail":false,"medium":false,"medium_large":false,"large":false,"1536x1536":false,"2048x2048":false,"woocommerce_thumbnail":false,"woocommerce_single":false,"woocommerce_gallery_thumbnail":false},"uagb_author_info":{"display_name":"matias","author_link":"https:\/\/mueblesdfabrica.com\/index.php\/author\/matias\/"},"uagb_comment_info":0,"uagb_excerpt":null,"_links":{"self":[{"href":"https:\/\/mueblesdfabrica.com\/index.php\/wp-json\/wp\/v2\/pages\/328"}],"collection":[{"href":"https:\/\/mueblesdfabrica.com\/index.php\/wp-json\/wp\/v2\/pages"}],"about":[{"href":"https:\/\/mueblesdfabrica.com\/index.php\/wp-json\/wp\/v2\/types\/page"}],"author":[{"embeddable":true,"href":"https:\/\/mueblesdfabrica.com\/index.php\/wp-json\/wp\/v2\/users\/1"}],"replies":[{"embeddable":true,"href":"https:\/\/mueblesdfabrica.com\/index.php\/wp-json\/wp\/v2\/comments?post=328"}],"version-history":[{"count":21,"href":"https:\/\/mueblesdfabrica.com\/index.php\/wp-json\/wp\/v2\/pages\/328\/revisions"}],"predecessor-version":[{"id":1403,"href":"https:\/\/mueblesdfabrica.com\/index.php\/wp-json\/wp\/v2\/pages\/328\/revisions\/1403"}],"wp:attachment":[{"href":"https:\/\/mueblesdfabrica.com\/index.php\/wp-json\/wp\/v2\/media?parent=328"}],"curies":[{"name":"wp","href":"https:\/\/api.w.org\/{rel}","templated":true}]}}