{"id":1144,"date":"2023-05-20T20:29:31","date_gmt":"2023-05-20T20:29:31","guid":{"rendered":"https:\/\/mueblesdfabrica.com\/?post_type=product&#038;p=1144"},"modified":"2025-04-13T19:03:29","modified_gmt":"2025-04-13T19:03:29","slug":"mesa-comedor-4","status":"publish","type":"product","link":"https:\/\/mueblesdfabrica.com\/index.php\/producto\/mesa-comedor-4\/","title":{"rendered":"Mesa Rectangular Para\u00edso"},"content":{"rendered":"<p>Tapa: 18mm enchapado para\u00edso con terminaci\u00f3n laca transparente.<\/p>\n<p>Base: MDF laqueado blanco o negro.<\/p>\n<p>Medidas: 140 x 80\u00a0 &#8211;\u00a0 160 x 80\u00a0 &#8211;\u00a0 180 x 80<\/p>\n","protected":false},"excerpt":{"rendered":"<p>Tapa: 18mm enchapado para\u00edso con terminaci\u00f3n laca transparente. Base: MDF laqueado blanco o negro. Medidas: 140 x 80\u00a0 &#8211;\u00a0 160 x 80\u00a0 &#8211;\u00a0 180 x 80<\/p>\n","protected":false},"featured_media":1386,"comment_status":"open","ping_status":"closed","template":"","meta":{"_uag_custom_page_level_css":"","site-sidebar-layout":"default","site-content-layout":"default","ast-site-content-layout":"","site-content-style":"default","site-sidebar-style":"default","ast-global-header-display":"","ast-banner-title-visibility":"","ast-main-header-display":"","ast-hfb-above-header-display":"","ast-hfb-below-header-display":"","ast-hfb-mobile-header-display":"","site-post-title":"","ast-breadcrumbs-content":"","ast-featured-img":"","footer-sml-layout":"","theme-transparent-header-meta":"default","adv-header-id-meta":"","stick-header-meta":"","header-above-stick-meta":"","header-main-stick-meta":"","header-below-stick-meta":"","astra-migrate-meta-layouts":"","_joinchat":[]},"product_cat":[45],"product_tag":[],"uagb_featured_image_src":{"full":["https:\/\/mueblesdfabrica.com\/wp-content\/uploads\/2023\/05\/2.jpg",720,893,false],"thumbnail":["https:\/\/mueblesdfabrica.com\/wp-content\/uploads\/2023\/05\/2-150x150.jpg",150,150,true],"medium":["https:\/\/mueblesdfabrica.com\/wp-content\/uploads\/2023\/05\/2-242x300.jpg",242,300,true],"medium_large":["https:\/\/mueblesdfabrica.com\/wp-content\/uploads\/2023\/05\/2.jpg",720,893,false],"large":["https:\/\/mueblesdfabrica.com\/wp-content\/uploads\/2023\/05\/2.jpg",720,893,false],"1536x1536":["https:\/\/mueblesdfabrica.com\/wp-content\/uploads\/2023\/05\/2.jpg",720,893,false],"2048x2048":["https:\/\/mueblesdfabrica.com\/wp-content\/uploads\/2023\/05\/2.jpg",720,893,false],"woocommerce_thumbnail":["https:\/\/mueblesdfabrica.com\/wp-content\/uploads\/2023\/05\/2-300x300.jpg",300,300,true],"woocommerce_single":["https:\/\/mueblesdfabrica.com\/wp-content\/uploads\/2023\/05\/2-600x744.jpg",600,744,true],"woocommerce_gallery_thumbnail":["https:\/\/mueblesdfabrica.com\/wp-content\/uploads\/2023\/05\/2-100x100.jpg",100,100,true]},"uagb_author_info":{"display_name":"matias","author_link":"https:\/\/mueblesdfabrica.com\/index.php\/author\/"},"uagb_comment_info":1,"uagb_excerpt":"Tapa: 18mm enchapado para\u00edso con terminaci\u00f3n laca transparente. Base: MDF laqueado blanco o negro. Medidas: 140 x 80\u00a0 &#8211;\u00a0 160 x 80\u00a0 &#8211;\u00a0 180 x 80","_links":{"self":[{"href":"https:\/\/mueblesdfabrica.com\/index.php\/wp-json\/wp\/v2\/product\/1144"}],"collection":[{"href":"https:\/\/mueblesdfabrica.com\/index.php\/wp-json\/wp\/v2\/product"}],"about":[{"href":"https:\/\/mueblesdfabrica.com\/index.php\/wp-json\/wp\/v2\/types\/product"}],"replies":[{"embeddable":true,"href":"https:\/\/mueblesdfabrica.com\/index.php\/wp-json\/wp\/v2\/comments?post=1144"}],"wp:featuredmedia":[{"embeddable":true,"href":"https:\/\/mueblesdfabrica.com\/index.php\/wp-json\/wp\/v2\/media\/1386"}],"wp:attachment":[{"href":"https:\/\/mueblesdfabrica.com\/index.php\/wp-json\/wp\/v2\/media?parent=1144"}],"wp:term":[{"taxonomy":"product_cat","embeddable":true,"href":"https:\/\/mueblesdfabrica.com\/index.php\/wp-json\/wp\/v2\/product_cat?post=1144"},{"taxonomy":"product_tag","embeddable":true,"href":"https:\/\/mueblesdfabrica.com\/index.php\/wp-json\/wp\/v2\/product_tag?post=1144"}],"curies":[{"name":"wp","href":"https:\/\/api.w.org\/{rel}","templated":true}]}}