{"id":1148,"date":"2023-05-20T20:38:53","date_gmt":"2023-05-20T20:38:53","guid":{"rendered":"https:\/\/mueblesdfabrica.com\/?post_type=product&#038;p=1148"},"modified":"2023-10-26T17:15:01","modified_gmt":"2023-10-26T17:15:01","slug":"silla-1","status":"publish","type":"product","link":"https:\/\/mueblesdfabrica.com\/index.php\/producto\/silla-1\/","title":{"rendered":"Silla Para\u00edso"},"content":{"rendered":"<p>Estructura: Para\u00edso macizo reforzada.<\/p>\n<p>Terminaci\u00f3n: Tratamiento laca transparente, blanco o negro.<\/p>\n<p>Asiento: Espuma alta densidad.<\/p>\n<p>Tapizados varios a elecci\u00f3n.<\/p>\n","protected":false},"excerpt":{"rendered":"<p>Estructura: Para\u00edso macizo reforzada. Terminaci\u00f3n: Tratamiento laca transparente, blanco o negro. Asiento: Espuma alta densidad. Tapizados varios a elecci\u00f3n.<\/p>\n","protected":false},"featured_media":1420,"comment_status":"open","ping_status":"closed","template":"","meta":{"_uag_custom_page_level_css":"","site-sidebar-layout":"default","site-content-layout":"default","ast-site-content-layout":"default","site-content-style":"default","site-sidebar-style":"default","ast-global-header-display":"","ast-banner-title-visibility":"","ast-main-header-display":"","ast-hfb-above-header-display":"","ast-hfb-below-header-display":"","ast-hfb-mobile-header-display":"","site-post-title":"","ast-breadcrumbs-content":"","ast-featured-img":"","footer-sml-layout":"","theme-transparent-header-meta":"default","adv-header-id-meta":"","stick-header-meta":"","header-above-stick-meta":"","header-main-stick-meta":"","header-below-stick-meta":"","astra-migrate-meta-layouts":"set","_joinchat":[]},"product_cat":[43],"product_tag":[],"uagb_featured_image_src":{"full":["https:\/\/mueblesdfabrica.com\/wp-content\/uploads\/2023\/05\/silla-paraiso-final-1.jpg",139,230,false],"thumbnail":["https:\/\/mueblesdfabrica.com\/wp-content\/uploads\/2023\/05\/silla-paraiso-final-1-139x150.jpg",139,150,true],"medium":["https:\/\/mueblesdfabrica.com\/wp-content\/uploads\/2023\/05\/silla-paraiso-final-1.jpg",139,230,false],"medium_large":["https:\/\/mueblesdfabrica.com\/wp-content\/uploads\/2023\/05\/silla-paraiso-final-1.jpg",139,230,false],"large":["https:\/\/mueblesdfabrica.com\/wp-content\/uploads\/2023\/05\/silla-paraiso-final-1.jpg",139,230,false],"1536x1536":["https:\/\/mueblesdfabrica.com\/wp-content\/uploads\/2023\/05\/silla-paraiso-final-1.jpg",139,230,false],"2048x2048":["https:\/\/mueblesdfabrica.com\/wp-content\/uploads\/2023\/05\/silla-paraiso-final-1.jpg",139,230,false],"woocommerce_thumbnail":["https:\/\/mueblesdfabrica.com\/wp-content\/uploads\/2023\/05\/silla-paraiso-final-1.jpg",139,230,false],"woocommerce_single":["https:\/\/mueblesdfabrica.com\/wp-content\/uploads\/2023\/05\/silla-paraiso-final-1.jpg",139,230,false],"woocommerce_gallery_thumbnail":["https:\/\/mueblesdfabrica.com\/wp-content\/uploads\/2023\/05\/silla-paraiso-final-1-100x100.jpg",100,100,true]},"uagb_author_info":{"display_name":"matias","author_link":"https:\/\/mueblesdfabrica.com\/index.php\/author\/"},"uagb_comment_info":1,"uagb_excerpt":"Estructura: Para\u00edso macizo reforzada. Terminaci\u00f3n: Tratamiento laca transparente, blanco o negro. Asiento: Espuma alta densidad. Tapizados varios a elecci\u00f3n.","_links":{"self":[{"href":"https:\/\/mueblesdfabrica.com\/index.php\/wp-json\/wp\/v2\/product\/1148"}],"collection":[{"href":"https:\/\/mueblesdfabrica.com\/index.php\/wp-json\/wp\/v2\/product"}],"about":[{"href":"https:\/\/mueblesdfabrica.com\/index.php\/wp-json\/wp\/v2\/types\/product"}],"replies":[{"embeddable":true,"href":"https:\/\/mueblesdfabrica.com\/index.php\/wp-json\/wp\/v2\/comments?post=1148"}],"wp:featuredmedia":[{"embeddable":true,"href":"https:\/\/mueblesdfabrica.com\/index.php\/wp-json\/wp\/v2\/media\/1420"}],"wp:attachment":[{"href":"https:\/\/mueblesdfabrica.com\/index.php\/wp-json\/wp\/v2\/media?parent=1148"}],"wp:term":[{"taxonomy":"product_cat","embeddable":true,"href":"https:\/\/mueblesdfabrica.com\/index.php\/wp-json\/wp\/v2\/product_cat?post=1148"},{"taxonomy":"product_tag","embeddable":true,"href":"https:\/\/mueblesdfabrica.com\/index.php\/wp-json\/wp\/v2\/product_tag?post=1148"}],"curies":[{"name":"wp","href":"https:\/\/api.w.org\/{rel}","templated":true}]}}